{"id":43193,"date":"2026-03-30T20:21:03","date_gmt":"2026-03-30T20:21:03","guid":{"rendered":"https:\/\/www.alpametrology.com\/uncategorized\/o-58-centesimal-dial-gauge-alpa-cb005\/"},"modified":"2026-04-13T21:25:07","modified_gmt":"2026-04-13T21:25:07","slug":"dial-indicator-o-58-mm-alpa","status":"publish","type":"product","link":"https:\/\/www.alpametrology.com\/en\/analogue-dial-gauges\/dial-indicator-o-58-mm-alpa\/","title":{"rendered":"Dial indicator \u00d8 58 mm ALPA"},"content":{"rendered":"<ul>\n<li>Accuracy according to UNI 4180 <\/li>\n<li> Resolution 0.01 <\/li>\n<li> Cylindrical shank \u00d8 8 mm <\/li>\n<li> Metal case and bezel <\/li>\n<li> Shock-proof movement only for CB00510<\/li>\n<\/ul>\n","protected":false},"excerpt":{"rendered":"<p>Accuracy according to UNI 4180 Resolution 0.01 Cylindrical shank \u00d8 8 mm Metal case and bezel Shock-proof movement only for CB00510<\/p>\n","protected":false},"featured_media":26266,"template":"","meta":{"content-type":""},"product_cat":[38188],"product_tag":[],"acf":[],"yoast_head":"<!-- This site is optimized with the Yoast SEO plugin v20.8 - https:\/\/yoast.com\/wordpress\/plugins\/seo\/ -->\n<title>Dial indicator \u00d8 58 mm ALPA<\/title>\n<meta name=\"description\" content=\"ALPA dial indicator \u00d8 58 mm, accuracy according to UNI 4180, resolution 0.01, cylindrical shank \u00d8 8 mm, metal case and ring nut, shock-proof movement only for CB00510\" \/>\n<meta name=\"robots\" content=\"index, follow, max-snippet:-1, max-image-preview:large, max-video-preview:-1\" \/>\n<link rel=\"canonical\" href=\"https:\/\/www.alpametrology.com\/en\/analogue-dial-gauges\/dial-indicator-o-58-mm-alpa\/\" \/>\n<meta property=\"og:locale\" content=\"en_US\" \/>\n<meta property=\"og:type\" content=\"article\" \/>\n<meta property=\"og:title\" content=\"Dial indicator \u00d8 58 mm ALPA\" \/>\n<meta property=\"og:description\" content=\"ALPA dial indicator \u00d8 58 mm, accuracy according to UNI 4180, resolution 0.01, cylindrical shank \u00d8 8 mm, metal case and ring nut, shock-proof movement only for CB00510\" \/>\n<meta property=\"og:url\" content=\"https:\/\/www.alpametrology.com\/en\/analogue-dial-gauges\/dial-indicator-o-58-mm-alpa\/\" \/>\n<meta property=\"og:site_name\" content=\"Alpa Metrology\" \/>\n<meta property=\"article:modified_time\" content=\"2026-04-13T21:25:07+00:00\" \/>\n<meta property=\"og:image\" content=\"https:\/\/www.alpametrology.com\/wp-content\/uploads\/61e60bed-6b9d-496c-874a-92d0e81f26cb.jpeg\" \/>\n\t<meta property=\"og:image:width\" content=\"1300\" \/>\n\t<meta property=\"og:image:height\" content=\"1300\" \/>\n\t<meta property=\"og:image:type\" content=\"image\/jpeg\" \/>\n<meta name=\"twitter:card\" content=\"summary_large_image\" \/>\n<script type=\"application\/ld+json\" class=\"yoast-schema-graph\">{\"@context\":\"https:\/\/schema.org\",\"@graph\":[{\"@type\":\"WebPage\",\"@id\":\"https:\/\/www.alpametrology.com\/en\/analogue-dial-gauges\/dial-indicator-o-58-mm-alpa\/\",\"url\":\"https:\/\/www.alpametrology.com\/en\/analogue-dial-gauges\/dial-indicator-o-58-mm-alpa\/\",\"name\":\"Dial indicator \u00d8 58 mm ALPA\",\"isPartOf\":{\"@id\":\"https:\/\/www.alpametrology.com\/en\/#website\"},\"datePublished\":\"2026-03-30T20:21:03+00:00\",\"dateModified\":\"2026-04-13T21:25:07+00:00\",\"description\":\"ALPA dial indicator \u00d8 58 mm, accuracy according to UNI 4180, resolution 0.01, cylindrical shank \u00d8 8 mm, metal case and ring nut, shock-proof movement only for CB00510\",\"breadcrumb\":{\"@id\":\"https:\/\/www.alpametrology.com\/en\/analogue-dial-gauges\/dial-indicator-o-58-mm-alpa\/#breadcrumb\"},\"inLanguage\":\"en-US\",\"potentialAction\":[{\"@type\":\"ReadAction\",\"target\":[\"https:\/\/www.alpametrology.com\/en\/analogue-dial-gauges\/dial-indicator-o-58-mm-alpa\/\"]}]},{\"@type\":\"BreadcrumbList\",\"@id\":\"https:\/\/www.alpametrology.com\/en\/analogue-dial-gauges\/dial-indicator-o-58-mm-alpa\/#breadcrumb\",\"itemListElement\":[{\"@type\":\"ListItem\",\"position\":1,\"name\":\"Home\",\"item\":\"https:\/\/www.alpametrology.com\/en\/home\/\"},{\"@type\":\"ListItem\",\"position\":2,\"name\":\"Shop\",\"item\":\"https:\/\/www.alpametrology.com\/en\/shop\/\"},{\"@type\":\"ListItem\",\"position\":3,\"name\":\"Dial indicator \u00d8 58 mm ALPA\"}]},{\"@type\":\"WebSite\",\"@id\":\"https:\/\/www.alpametrology.com\/en\/#website\",\"url\":\"https:\/\/www.alpametrology.com\/en\/\",\"name\":\"Alpa Metrology\",\"description\":\"Tecnologia \u00e8 semplicit\u00e0\",\"potentialAction\":[{\"@type\":\"SearchAction\",\"target\":{\"@type\":\"EntryPoint\",\"urlTemplate\":\"https:\/\/www.alpametrology.com\/en\/?s={search_term_string}\"},\"query-input\":\"required name=search_term_string\"}],\"inLanguage\":\"en-US\"}]}<\/script>\n<!-- \/ Yoast SEO plugin. -->","yoast_head_json":{"title":"Dial indicator \u00d8 58 mm ALPA","description":"ALPA dial indicator \u00d8 58 mm, accuracy according to UNI 4180, resolution 0.01, cylindrical shank \u00d8 8 mm, metal case and ring nut, shock-proof movement only for CB00510","robots":{"index":"index","follow":"follow","max-snippet":"max-snippet:-1","max-image-preview":"max-image-preview:large","max-video-preview":"max-video-preview:-1"},"canonical":"https:\/\/www.alpametrology.com\/en\/analogue-dial-gauges\/dial-indicator-o-58-mm-alpa\/","og_locale":"en_US","og_type":"article","og_title":"Dial indicator \u00d8 58 mm ALPA","og_description":"ALPA dial indicator \u00d8 58 mm, accuracy according to UNI 4180, resolution 0.01, cylindrical shank \u00d8 8 mm, metal case and ring nut, shock-proof movement only for CB00510","og_url":"https:\/\/www.alpametrology.com\/en\/analogue-dial-gauges\/dial-indicator-o-58-mm-alpa\/","og_site_name":"Alpa Metrology","article_modified_time":"2026-04-13T21:25:07+00:00","og_image":[{"width":1300,"height":1300,"url":"https:\/\/www.alpametrology.com\/wp-content\/uploads\/61e60bed-6b9d-496c-874a-92d0e81f26cb.jpeg","type":"image\/jpeg"}],"twitter_card":"summary_large_image","schema":{"@context":"https:\/\/schema.org","@graph":[{"@type":"WebPage","@id":"https:\/\/www.alpametrology.com\/en\/analogue-dial-gauges\/dial-indicator-o-58-mm-alpa\/","url":"https:\/\/www.alpametrology.com\/en\/analogue-dial-gauges\/dial-indicator-o-58-mm-alpa\/","name":"Dial indicator \u00d8 58 mm ALPA","isPartOf":{"@id":"https:\/\/www.alpametrology.com\/en\/#website"},"datePublished":"2026-03-30T20:21:03+00:00","dateModified":"2026-04-13T21:25:07+00:00","description":"ALPA dial indicator \u00d8 58 mm, accuracy according to UNI 4180, resolution 0.01, cylindrical shank \u00d8 8 mm, metal case and ring nut, shock-proof movement only for CB00510","breadcrumb":{"@id":"https:\/\/www.alpametrology.com\/en\/analogue-dial-gauges\/dial-indicator-o-58-mm-alpa\/#breadcrumb"},"inLanguage":"en-US","potentialAction":[{"@type":"ReadAction","target":["https:\/\/www.alpametrology.com\/en\/analogue-dial-gauges\/dial-indicator-o-58-mm-alpa\/"]}]},{"@type":"BreadcrumbList","@id":"https:\/\/www.alpametrology.com\/en\/analogue-dial-gauges\/dial-indicator-o-58-mm-alpa\/#breadcrumb","itemListElement":[{"@type":"ListItem","position":1,"name":"Home","item":"https:\/\/www.alpametrology.com\/en\/home\/"},{"@type":"ListItem","position":2,"name":"Shop","item":"https:\/\/www.alpametrology.com\/en\/shop\/"},{"@type":"ListItem","position":3,"name":"Dial indicator \u00d8 58 mm ALPA"}]},{"@type":"WebSite","@id":"https:\/\/www.alpametrology.com\/en\/#website","url":"https:\/\/www.alpametrology.com\/en\/","name":"Alpa Metrology","description":"Tecnologia \u00e8 semplicit\u00e0","potentialAction":[{"@type":"SearchAction","target":{"@type":"EntryPoint","urlTemplate":"https:\/\/www.alpametrology.com\/en\/?s={search_term_string}"},"query-input":"required name=search_term_string"}],"inLanguage":"en-US"}]}},"_links":{"self":[{"href":"https:\/\/www.alpametrology.com\/en\/wp-json\/wp\/v2\/product\/43193"}],"collection":[{"href":"https:\/\/www.alpametrology.com\/en\/wp-json\/wp\/v2\/product"}],"about":[{"href":"https:\/\/www.alpametrology.com\/en\/wp-json\/wp\/v2\/types\/product"}],"wp:featuredmedia":[{"embeddable":true,"href":"https:\/\/www.alpametrology.com\/en\/wp-json\/wp\/v2\/media\/26266"}],"wp:attachment":[{"href":"https:\/\/www.alpametrology.com\/en\/wp-json\/wp\/v2\/media?parent=43193"}],"wp:term":[{"taxonomy":"product_cat","embeddable":true,"href":"https:\/\/www.alpametrology.com\/en\/wp-json\/wp\/v2\/product_cat?post=43193"},{"taxonomy":"product_tag","embeddable":true,"href":"https:\/\/www.alpametrology.com\/en\/wp-json\/wp\/v2\/product_tag?post=43193"}],"curies":[{"name":"wp","href":"https:\/\/api.w.org\/{rel}","templated":true}]}}