{"id":43870,"date":"2026-03-10T11:26:22","date_gmt":"2026-03-10T11:26:22","guid":{"rendered":"https:\/\/www.alpametrology.com\/uncategorized\/magnetic-dial-gauge-holder-alpa-cd010\/"},"modified":"2026-03-10T11:55:17","modified_gmt":"2026-03-10T11:55:17","slug":"magnetic-dial-gauge-holder-alpa-cd010","status":"publish","type":"product","link":"https:\/\/www.alpametrology.com\/en\/analogue-dial-gauges\/magnetic-dial-gauge-holder-alpa-cd010\/","title":{"rendered":"Magnetic dial gauge holder ALPA CD010"},"content":{"rendered":"<ul>\n<li>High quality Japanese made magnetic base, considered by most the best in the market, thanks to the high quality construction and durability. On all models magnetic base with V-groove, chromed arm, clamping shaft \u00d8 8 mm. Holding power 80 kg. Arm dimensions \u00d8 12 mm. Arm dimension \u00d8 10 mm, arm lenght 150 mm.<\/li>\n<\/ul>\n","protected":false},"excerpt":{"rendered":"<p>High quality Japanese made magnetic base, considered by most the best in the market, thanks to the high quality construction and durability. On all models magnetic base with V-groove, chromed arm, clamping shaft \u00d8 8 mm. Holding power 80 kg. Arm dimensions \u00d8 12 mm. Arm dimension \u00d8 10 mm, arm lenght 150 mm.<\/p>\n","protected":false},"featured_media":28176,"template":"","meta":{"content-type":""},"product_cat":[38188],"product_tag":[],"acf":[],"yoast_head":"<!-- This site is optimized with the Yoast SEO plugin v20.8 - https:\/\/yoast.com\/wordpress\/plugins\/seo\/ -->\n<title>Magnetic dial gauge holder ALPA CD010<\/title>\n<meta name=\"description\" content=\"High-quality magnetic dial gauge holder ALPA CD010 made of pure cobalt from Japan. Exceptional durability even with the heaviest use. On all models the base is prismatic, the rods are chrome-plated, and the attachment has a \u00d8 of 8 mm.\" \/>\n<meta name=\"robots\" content=\"index, follow, max-snippet:-1, max-image-preview:large, max-video-preview:-1\" \/>\n<link rel=\"canonical\" href=\"https:\/\/www.alpametrology.com\/en\/analogue-dial-gauges\/magnetic-dial-gauge-holder-alpa-cd010\/\" \/>\n<meta property=\"og:locale\" content=\"en_US\" \/>\n<meta property=\"og:type\" content=\"article\" \/>\n<meta property=\"og:title\" content=\"Magnetic dial gauge holder ALPA CD010\" \/>\n<meta property=\"og:description\" content=\"High-quality magnetic dial gauge holder ALPA CD010 made of pure cobalt from Japan. Exceptional durability even with the heaviest use. On all models the base is prismatic, the rods are chrome-plated, and the attachment has a \u00d8 of 8 mm.\" \/>\n<meta property=\"og:url\" content=\"https:\/\/www.alpametrology.com\/en\/analogue-dial-gauges\/magnetic-dial-gauge-holder-alpa-cd010\/\" \/>\n<meta property=\"og:site_name\" content=\"Alpa Metrology\" \/>\n<meta property=\"article:modified_time\" content=\"2026-03-10T11:55:17+00:00\" \/>\n<meta property=\"og:image\" content=\"https:\/\/www.alpametrology.com\/wp-content\/uploads\/868d8b43-f3f5-49a4-a907-c4f583a14f45.jpeg\" \/>\n\t<meta property=\"og:image:width\" content=\"1300\" \/>\n\t<meta property=\"og:image:height\" content=\"1300\" \/>\n\t<meta property=\"og:image:type\" content=\"image\/jpeg\" \/>\n<meta name=\"twitter:card\" content=\"summary_large_image\" \/>\n<script type=\"application\/ld+json\" class=\"yoast-schema-graph\">{\"@context\":\"https:\/\/schema.org\",\"@graph\":[{\"@type\":\"WebPage\",\"@id\":\"https:\/\/www.alpametrology.com\/en\/analogue-dial-gauges\/magnetic-dial-gauge-holder-alpa-cd010\/\",\"url\":\"https:\/\/www.alpametrology.com\/en\/analogue-dial-gauges\/magnetic-dial-gauge-holder-alpa-cd010\/\",\"name\":\"Magnetic dial gauge holder ALPA CD010\",\"isPartOf\":{\"@id\":\"https:\/\/www.alpametrology.com\/en\/#website\"},\"datePublished\":\"2026-03-10T11:26:22+00:00\",\"dateModified\":\"2026-03-10T11:55:17+00:00\",\"description\":\"High-quality magnetic dial gauge holder ALPA CD010 made of pure cobalt from Japan. Exceptional durability even with the heaviest use. On all models the base is prismatic, the rods are chrome-plated, and the attachment has a \u00d8 of 8 mm.\",\"breadcrumb\":{\"@id\":\"https:\/\/www.alpametrology.com\/en\/analogue-dial-gauges\/magnetic-dial-gauge-holder-alpa-cd010\/#breadcrumb\"},\"inLanguage\":\"en-US\",\"potentialAction\":[{\"@type\":\"ReadAction\",\"target\":[\"https:\/\/www.alpametrology.com\/en\/analogue-dial-gauges\/magnetic-dial-gauge-holder-alpa-cd010\/\"]}]},{\"@type\":\"BreadcrumbList\",\"@id\":\"https:\/\/www.alpametrology.com\/en\/analogue-dial-gauges\/magnetic-dial-gauge-holder-alpa-cd010\/#breadcrumb\",\"itemListElement\":[{\"@type\":\"ListItem\",\"position\":1,\"name\":\"Home\",\"item\":\"https:\/\/www.alpametrology.com\/en\/home\/\"},{\"@type\":\"ListItem\",\"position\":2,\"name\":\"Shop\",\"item\":\"https:\/\/www.alpametrology.com\/en\/shop\/\"},{\"@type\":\"ListItem\",\"position\":3,\"name\":\"Magnetic dial gauge holder ALPA CD010\"}]},{\"@type\":\"WebSite\",\"@id\":\"https:\/\/www.alpametrology.com\/en\/#website\",\"url\":\"https:\/\/www.alpametrology.com\/en\/\",\"name\":\"Alpa Metrology\",\"description\":\"Tecnologia \u00e8 semplicit\u00e0\",\"potentialAction\":[{\"@type\":\"SearchAction\",\"target\":{\"@type\":\"EntryPoint\",\"urlTemplate\":\"https:\/\/www.alpametrology.com\/en\/?s={search_term_string}\"},\"query-input\":\"required name=search_term_string\"}],\"inLanguage\":\"en-US\"}]}<\/script>\n<!-- \/ Yoast SEO plugin. -->","yoast_head_json":{"title":"Magnetic dial gauge holder ALPA CD010","description":"High-quality magnetic dial gauge holder ALPA CD010 made of pure cobalt from Japan. Exceptional durability even with the heaviest use. On all models the base is prismatic, the rods are chrome-plated, and the attachment has a \u00d8 of 8 mm.","robots":{"index":"index","follow":"follow","max-snippet":"max-snippet:-1","max-image-preview":"max-image-preview:large","max-video-preview":"max-video-preview:-1"},"canonical":"https:\/\/www.alpametrology.com\/en\/analogue-dial-gauges\/magnetic-dial-gauge-holder-alpa-cd010\/","og_locale":"en_US","og_type":"article","og_title":"Magnetic dial gauge holder ALPA CD010","og_description":"High-quality magnetic dial gauge holder ALPA CD010 made of pure cobalt from Japan. Exceptional durability even with the heaviest use. On all models the base is prismatic, the rods are chrome-plated, and the attachment has a \u00d8 of 8 mm.","og_url":"https:\/\/www.alpametrology.com\/en\/analogue-dial-gauges\/magnetic-dial-gauge-holder-alpa-cd010\/","og_site_name":"Alpa Metrology","article_modified_time":"2026-03-10T11:55:17+00:00","og_image":[{"width":1300,"height":1300,"url":"https:\/\/www.alpametrology.com\/wp-content\/uploads\/868d8b43-f3f5-49a4-a907-c4f583a14f45.jpeg","type":"image\/jpeg"}],"twitter_card":"summary_large_image","schema":{"@context":"https:\/\/schema.org","@graph":[{"@type":"WebPage","@id":"https:\/\/www.alpametrology.com\/en\/analogue-dial-gauges\/magnetic-dial-gauge-holder-alpa-cd010\/","url":"https:\/\/www.alpametrology.com\/en\/analogue-dial-gauges\/magnetic-dial-gauge-holder-alpa-cd010\/","name":"Magnetic dial gauge holder ALPA CD010","isPartOf":{"@id":"https:\/\/www.alpametrology.com\/en\/#website"},"datePublished":"2026-03-10T11:26:22+00:00","dateModified":"2026-03-10T11:55:17+00:00","description":"High-quality magnetic dial gauge holder ALPA CD010 made of pure cobalt from Japan. Exceptional durability even with the heaviest use. On all models the base is prismatic, the rods are chrome-plated, and the attachment has a \u00d8 of 8 mm.","breadcrumb":{"@id":"https:\/\/www.alpametrology.com\/en\/analogue-dial-gauges\/magnetic-dial-gauge-holder-alpa-cd010\/#breadcrumb"},"inLanguage":"en-US","potentialAction":[{"@type":"ReadAction","target":["https:\/\/www.alpametrology.com\/en\/analogue-dial-gauges\/magnetic-dial-gauge-holder-alpa-cd010\/"]}]},{"@type":"BreadcrumbList","@id":"https:\/\/www.alpametrology.com\/en\/analogue-dial-gauges\/magnetic-dial-gauge-holder-alpa-cd010\/#breadcrumb","itemListElement":[{"@type":"ListItem","position":1,"name":"Home","item":"https:\/\/www.alpametrology.com\/en\/home\/"},{"@type":"ListItem","position":2,"name":"Shop","item":"https:\/\/www.alpametrology.com\/en\/shop\/"},{"@type":"ListItem","position":3,"name":"Magnetic dial gauge holder ALPA CD010"}]},{"@type":"WebSite","@id":"https:\/\/www.alpametrology.com\/en\/#website","url":"https:\/\/www.alpametrology.com\/en\/","name":"Alpa Metrology","description":"Tecnologia \u00e8 semplicit\u00e0","potentialAction":[{"@type":"SearchAction","target":{"@type":"EntryPoint","urlTemplate":"https:\/\/www.alpametrology.com\/en\/?s={search_term_string}"},"query-input":"required name=search_term_string"}],"inLanguage":"en-US"}]}},"_links":{"self":[{"href":"https:\/\/www.alpametrology.com\/en\/wp-json\/wp\/v2\/product\/43870"}],"collection":[{"href":"https:\/\/www.alpametrology.com\/en\/wp-json\/wp\/v2\/product"}],"about":[{"href":"https:\/\/www.alpametrology.com\/en\/wp-json\/wp\/v2\/types\/product"}],"wp:featuredmedia":[{"embeddable":true,"href":"https:\/\/www.alpametrology.com\/en\/wp-json\/wp\/v2\/media\/28176"}],"wp:attachment":[{"href":"https:\/\/www.alpametrology.com\/en\/wp-json\/wp\/v2\/media?parent=43870"}],"wp:term":[{"taxonomy":"product_cat","embeddable":true,"href":"https:\/\/www.alpametrology.com\/en\/wp-json\/wp\/v2\/product_cat?post=43870"},{"taxonomy":"product_tag","embeddable":true,"href":"https:\/\/www.alpametrology.com\/en\/wp-json\/wp\/v2\/product_tag?post=43870"}],"curies":[{"name":"wp","href":"https:\/\/api.w.org\/{rel}","templated":true}]}}