{"id":44779,"date":"2026-03-10T10:52:07","date_gmt":"2026-03-10T10:52:07","guid":{"rendered":"https:\/\/www.alpametrology.com\/uncategorized\/o-58-mm-millesimal-dial-gauge-alpa-cb026\/"},"modified":"2026-03-10T12:07:52","modified_gmt":"2026-03-10T12:07:52","slug":"o-58-mm-millesimal-dial-gauge-alpa-cb026","status":"publish","type":"product","link":"https:\/\/www.alpametrology.com\/en\/analogue-dial-gauges\/o-58-mm-millesimal-dial-gauge-alpa-cb026\/","title":{"rendered":"\u00d8 58 mm millesimal dial gauge ALPA CB026"},"content":{"rendered":"<ul>\n<li>Accuracy according to UNI 4180.<br \/>Analogic dial indicator \u00d8 58 mm. Stainless steel stem and hardened steel tip. Cylindrical mounting \u00d8 8 mm.<\/li>\n<\/ul>\n","protected":false},"excerpt":{"rendered":"<p>Accuracy according to UNI 4180.Analogic dial indicator \u00d8 58 mm. Stainless steel stem and hardened steel tip. Cylindrical mounting \u00d8 8 mm.<\/p>\n","protected":false},"featured_media":27561,"template":"","meta":{"content-type":""},"product_cat":[38188],"product_tag":[],"acf":[],"yoast_head":"<!-- This site is optimized with the Yoast SEO plugin v20.8 - https:\/\/yoast.com\/wordpress\/plugins\/seo\/ -->\n<title>\u00d8 58 mm millesimal dial gauge ALPA CB026<\/title>\n<meta name=\"description\" content=\"\u00d8 58 mm millesimal dial gauge ALPA CB026, accuracy according to UNI 4180. \u00d8 58 mm millesimal analogue dial gauge, with stainless steel shank and carbide tip. Cylindrical attachment with \u00d8 8 mm.\" \/>\n<meta name=\"robots\" content=\"index, follow, max-snippet:-1, max-image-preview:large, max-video-preview:-1\" \/>\n<link rel=\"canonical\" href=\"https:\/\/www.alpametrology.com\/en\/analogue-dial-gauges\/o-58-mm-millesimal-dial-gauge-alpa-cb026\/\" \/>\n<meta property=\"og:locale\" content=\"en_US\" \/>\n<meta property=\"og:type\" content=\"article\" \/>\n<meta property=\"og:title\" content=\"\u00d8 58 mm millesimal dial gauge ALPA CB026\" \/>\n<meta property=\"og:description\" content=\"\u00d8 58 mm millesimal dial gauge ALPA CB026, accuracy according to UNI 4180. \u00d8 58 mm millesimal analogue dial gauge, with stainless steel shank and carbide tip. Cylindrical attachment with \u00d8 8 mm.\" \/>\n<meta property=\"og:url\" content=\"https:\/\/www.alpametrology.com\/en\/analogue-dial-gauges\/o-58-mm-millesimal-dial-gauge-alpa-cb026\/\" \/>\n<meta property=\"og:site_name\" content=\"Alpa Metrology\" \/>\n<meta property=\"article:modified_time\" content=\"2026-03-10T12:07:52+00:00\" \/>\n<meta property=\"og:image\" content=\"https:\/\/www.alpametrology.com\/wp-content\/uploads\/c891b2d7-70b6-4e3a-98c2-ef6473cf6451.jpeg\" \/>\n\t<meta property=\"og:image:width\" content=\"1300\" \/>\n\t<meta property=\"og:image:height\" content=\"1300\" \/>\n\t<meta property=\"og:image:type\" content=\"image\/jpeg\" \/>\n<meta name=\"twitter:card\" content=\"summary_large_image\" \/>\n<script type=\"application\/ld+json\" class=\"yoast-schema-graph\">{\"@context\":\"https:\/\/schema.org\",\"@graph\":[{\"@type\":\"WebPage\",\"@id\":\"https:\/\/www.alpametrology.com\/en\/analogue-dial-gauges\/o-58-mm-millesimal-dial-gauge-alpa-cb026\/\",\"url\":\"https:\/\/www.alpametrology.com\/en\/analogue-dial-gauges\/o-58-mm-millesimal-dial-gauge-alpa-cb026\/\",\"name\":\"\u00d8 58 mm millesimal dial gauge ALPA CB026\",\"isPartOf\":{\"@id\":\"https:\/\/www.alpametrology.com\/en\/#website\"},\"datePublished\":\"2026-03-10T10:52:07+00:00\",\"dateModified\":\"2026-03-10T12:07:52+00:00\",\"description\":\"\u00d8 58 mm millesimal dial gauge ALPA CB026, accuracy according to UNI 4180. \u00d8 58 mm millesimal analogue dial gauge, with stainless steel shank and carbide tip. Cylindrical attachment with \u00d8 8 mm.\",\"breadcrumb\":{\"@id\":\"https:\/\/www.alpametrology.com\/en\/analogue-dial-gauges\/o-58-mm-millesimal-dial-gauge-alpa-cb026\/#breadcrumb\"},\"inLanguage\":\"en-US\",\"potentialAction\":[{\"@type\":\"ReadAction\",\"target\":[\"https:\/\/www.alpametrology.com\/en\/analogue-dial-gauges\/o-58-mm-millesimal-dial-gauge-alpa-cb026\/\"]}]},{\"@type\":\"BreadcrumbList\",\"@id\":\"https:\/\/www.alpametrology.com\/en\/analogue-dial-gauges\/o-58-mm-millesimal-dial-gauge-alpa-cb026\/#breadcrumb\",\"itemListElement\":[{\"@type\":\"ListItem\",\"position\":1,\"name\":\"Home\",\"item\":\"https:\/\/www.alpametrology.com\/en\/home\/\"},{\"@type\":\"ListItem\",\"position\":2,\"name\":\"Shop\",\"item\":\"https:\/\/www.alpametrology.com\/en\/shop\/\"},{\"@type\":\"ListItem\",\"position\":3,\"name\":\"\u00d8 58 mm millesimal dial gauge ALPA CB026\"}]},{\"@type\":\"WebSite\",\"@id\":\"https:\/\/www.alpametrology.com\/en\/#website\",\"url\":\"https:\/\/www.alpametrology.com\/en\/\",\"name\":\"Alpa Metrology\",\"description\":\"Tecnologia \u00e8 semplicit\u00e0\",\"potentialAction\":[{\"@type\":\"SearchAction\",\"target\":{\"@type\":\"EntryPoint\",\"urlTemplate\":\"https:\/\/www.alpametrology.com\/en\/?s={search_term_string}\"},\"query-input\":\"required name=search_term_string\"}],\"inLanguage\":\"en-US\"}]}<\/script>\n<!-- \/ Yoast SEO plugin. -->","yoast_head_json":{"title":"\u00d8 58 mm millesimal dial gauge ALPA CB026","description":"\u00d8 58 mm millesimal dial gauge ALPA CB026, accuracy according to UNI 4180. \u00d8 58 mm millesimal analogue dial gauge, with stainless steel shank and carbide tip. Cylindrical attachment with \u00d8 8 mm.","robots":{"index":"index","follow":"follow","max-snippet":"max-snippet:-1","max-image-preview":"max-image-preview:large","max-video-preview":"max-video-preview:-1"},"canonical":"https:\/\/www.alpametrology.com\/en\/analogue-dial-gauges\/o-58-mm-millesimal-dial-gauge-alpa-cb026\/","og_locale":"en_US","og_type":"article","og_title":"\u00d8 58 mm millesimal dial gauge ALPA CB026","og_description":"\u00d8 58 mm millesimal dial gauge ALPA CB026, accuracy according to UNI 4180. \u00d8 58 mm millesimal analogue dial gauge, with stainless steel shank and carbide tip. Cylindrical attachment with \u00d8 8 mm.","og_url":"https:\/\/www.alpametrology.com\/en\/analogue-dial-gauges\/o-58-mm-millesimal-dial-gauge-alpa-cb026\/","og_site_name":"Alpa Metrology","article_modified_time":"2026-03-10T12:07:52+00:00","og_image":[{"width":1300,"height":1300,"url":"https:\/\/www.alpametrology.com\/wp-content\/uploads\/c891b2d7-70b6-4e3a-98c2-ef6473cf6451.jpeg","type":"image\/jpeg"}],"twitter_card":"summary_large_image","schema":{"@context":"https:\/\/schema.org","@graph":[{"@type":"WebPage","@id":"https:\/\/www.alpametrology.com\/en\/analogue-dial-gauges\/o-58-mm-millesimal-dial-gauge-alpa-cb026\/","url":"https:\/\/www.alpametrology.com\/en\/analogue-dial-gauges\/o-58-mm-millesimal-dial-gauge-alpa-cb026\/","name":"\u00d8 58 mm millesimal dial gauge ALPA CB026","isPartOf":{"@id":"https:\/\/www.alpametrology.com\/en\/#website"},"datePublished":"2026-03-10T10:52:07+00:00","dateModified":"2026-03-10T12:07:52+00:00","description":"\u00d8 58 mm millesimal dial gauge ALPA CB026, accuracy according to UNI 4180. \u00d8 58 mm millesimal analogue dial gauge, with stainless steel shank and carbide tip. Cylindrical attachment with \u00d8 8 mm.","breadcrumb":{"@id":"https:\/\/www.alpametrology.com\/en\/analogue-dial-gauges\/o-58-mm-millesimal-dial-gauge-alpa-cb026\/#breadcrumb"},"inLanguage":"en-US","potentialAction":[{"@type":"ReadAction","target":["https:\/\/www.alpametrology.com\/en\/analogue-dial-gauges\/o-58-mm-millesimal-dial-gauge-alpa-cb026\/"]}]},{"@type":"BreadcrumbList","@id":"https:\/\/www.alpametrology.com\/en\/analogue-dial-gauges\/o-58-mm-millesimal-dial-gauge-alpa-cb026\/#breadcrumb","itemListElement":[{"@type":"ListItem","position":1,"name":"Home","item":"https:\/\/www.alpametrology.com\/en\/home\/"},{"@type":"ListItem","position":2,"name":"Shop","item":"https:\/\/www.alpametrology.com\/en\/shop\/"},{"@type":"ListItem","position":3,"name":"\u00d8 58 mm millesimal dial gauge ALPA CB026"}]},{"@type":"WebSite","@id":"https:\/\/www.alpametrology.com\/en\/#website","url":"https:\/\/www.alpametrology.com\/en\/","name":"Alpa Metrology","description":"Tecnologia \u00e8 semplicit\u00e0","potentialAction":[{"@type":"SearchAction","target":{"@type":"EntryPoint","urlTemplate":"https:\/\/www.alpametrology.com\/en\/?s={search_term_string}"},"query-input":"required name=search_term_string"}],"inLanguage":"en-US"}]}},"_links":{"self":[{"href":"https:\/\/www.alpametrology.com\/en\/wp-json\/wp\/v2\/product\/44779"}],"collection":[{"href":"https:\/\/www.alpametrology.com\/en\/wp-json\/wp\/v2\/product"}],"about":[{"href":"https:\/\/www.alpametrology.com\/en\/wp-json\/wp\/v2\/types\/product"}],"wp:featuredmedia":[{"embeddable":true,"href":"https:\/\/www.alpametrology.com\/en\/wp-json\/wp\/v2\/media\/27561"}],"wp:attachment":[{"href":"https:\/\/www.alpametrology.com\/en\/wp-json\/wp\/v2\/media?parent=44779"}],"wp:term":[{"taxonomy":"product_cat","embeddable":true,"href":"https:\/\/www.alpametrology.com\/en\/wp-json\/wp\/v2\/product_cat?post=44779"},{"taxonomy":"product_tag","embeddable":true,"href":"https:\/\/www.alpametrology.com\/en\/wp-json\/wp\/v2\/product_tag?post=44779"}],"curies":[{"name":"wp","href":"https:\/\/api.w.org\/{rel}","templated":true}]}}