{"id":47028,"date":"2026-03-10T11:10:19","date_gmt":"2026-03-10T11:10:19","guid":{"rendered":"https:\/\/www.alpametrology.com\/uncategorized\/key-activated-dial-gauge-holder-alpa-cd034\/"},"modified":"2026-03-10T12:47:12","modified_gmt":"2026-03-10T12:47:12","slug":"key-activated-dial-gauge-holder-alpa-cd034","status":"publish","type":"product","link":"https:\/\/www.alpametrology.com\/en\/analogue-dial-gauges\/key-activated-dial-gauge-holder-alpa-cd034\/","title":{"rendered":"Key activated dial gauge holder ALPA CD034"},"content":{"rendered":"<ul>\n<li>Simple dial indicato stands with vertical rod \u00d8 12 mm and horizontal rod \u00d8 10 mm, gauge holder \u00d8 8 mm and magnetic base M8 with or without fine adjustment device.<\/li>\n<\/ul>\n","protected":false},"excerpt":{"rendered":"<p>Simple dial indicato stands with vertical rod \u00d8 12 mm and horizontal rod \u00d8 10 mm, gauge holder \u00d8 8 mm and magnetic base M8 with or without fine adjustment device.<\/p>\n","protected":false},"featured_media":27968,"template":"","meta":{"content-type":""},"product_cat":[38188],"product_tag":[],"acf":[],"yoast_head":"<!-- This site is optimized with the Yoast SEO plugin v20.8 - https:\/\/yoast.com\/wordpress\/plugins\/seo\/ -->\n<title>Key activated dial gauge holder ALPA CD034<\/title>\n<meta name=\"description\" content=\"Key activated dial gauge holder CD034 with \u00d8 12 mm vertical rod and \u00d8 10 mm horizontal rod, \u00d8 8 mm dial indicator holder and M8 magnetic base, with or without micrometer screw.\" \/>\n<meta name=\"robots\" content=\"index, follow, max-snippet:-1, max-image-preview:large, max-video-preview:-1\" \/>\n<link rel=\"canonical\" href=\"https:\/\/www.alpametrology.com\/en\/analogue-dial-gauges\/key-activated-dial-gauge-holder-alpa-cd034\/\" \/>\n<meta property=\"og:locale\" content=\"en_US\" \/>\n<meta property=\"og:type\" content=\"article\" \/>\n<meta property=\"og:title\" content=\"Key activated dial gauge holder ALPA CD034\" \/>\n<meta property=\"og:description\" content=\"Key activated dial gauge holder CD034 with \u00d8 12 mm vertical rod and \u00d8 10 mm horizontal rod, \u00d8 8 mm dial indicator holder and M8 magnetic base, with or without micrometer screw.\" \/>\n<meta property=\"og:url\" content=\"https:\/\/www.alpametrology.com\/en\/analogue-dial-gauges\/key-activated-dial-gauge-holder-alpa-cd034\/\" \/>\n<meta property=\"og:site_name\" content=\"Alpa Metrology\" \/>\n<meta property=\"article:modified_time\" content=\"2026-03-10T12:47:12+00:00\" \/>\n<meta property=\"og:image\" content=\"https:\/\/www.alpametrology.com\/wp-content\/uploads\/28ae0941-2791-4026-8897-e75d6db635e3.jpeg\" \/>\n\t<meta property=\"og:image:width\" content=\"1300\" \/>\n\t<meta property=\"og:image:height\" content=\"1300\" \/>\n\t<meta property=\"og:image:type\" content=\"image\/jpeg\" \/>\n<meta name=\"twitter:card\" content=\"summary_large_image\" \/>\n<script type=\"application\/ld+json\" class=\"yoast-schema-graph\">{\"@context\":\"https:\/\/schema.org\",\"@graph\":[{\"@type\":\"WebPage\",\"@id\":\"https:\/\/www.alpametrology.com\/en\/analogue-dial-gauges\/key-activated-dial-gauge-holder-alpa-cd034\/\",\"url\":\"https:\/\/www.alpametrology.com\/en\/analogue-dial-gauges\/key-activated-dial-gauge-holder-alpa-cd034\/\",\"name\":\"Key activated dial gauge holder ALPA CD034\",\"isPartOf\":{\"@id\":\"https:\/\/www.alpametrology.com\/en\/#website\"},\"datePublished\":\"2026-03-10T11:10:19+00:00\",\"dateModified\":\"2026-03-10T12:47:12+00:00\",\"description\":\"Key activated dial gauge holder CD034 with \u00d8 12 mm vertical rod and \u00d8 10 mm horizontal rod, \u00d8 8 mm dial indicator holder and M8 magnetic base, with or without micrometer screw.\",\"breadcrumb\":{\"@id\":\"https:\/\/www.alpametrology.com\/en\/analogue-dial-gauges\/key-activated-dial-gauge-holder-alpa-cd034\/#breadcrumb\"},\"inLanguage\":\"en-US\",\"potentialAction\":[{\"@type\":\"ReadAction\",\"target\":[\"https:\/\/www.alpametrology.com\/en\/analogue-dial-gauges\/key-activated-dial-gauge-holder-alpa-cd034\/\"]}]},{\"@type\":\"BreadcrumbList\",\"@id\":\"https:\/\/www.alpametrology.com\/en\/analogue-dial-gauges\/key-activated-dial-gauge-holder-alpa-cd034\/#breadcrumb\",\"itemListElement\":[{\"@type\":\"ListItem\",\"position\":1,\"name\":\"Home\",\"item\":\"https:\/\/www.alpametrology.com\/en\/home\/\"},{\"@type\":\"ListItem\",\"position\":2,\"name\":\"Shop\",\"item\":\"https:\/\/www.alpametrology.com\/en\/shop\/\"},{\"@type\":\"ListItem\",\"position\":3,\"name\":\"Key activated dial gauge holder ALPA CD034\"}]},{\"@type\":\"WebSite\",\"@id\":\"https:\/\/www.alpametrology.com\/en\/#website\",\"url\":\"https:\/\/www.alpametrology.com\/en\/\",\"name\":\"Alpa Metrology\",\"description\":\"Tecnologia \u00e8 semplicit\u00e0\",\"potentialAction\":[{\"@type\":\"SearchAction\",\"target\":{\"@type\":\"EntryPoint\",\"urlTemplate\":\"https:\/\/www.alpametrology.com\/en\/?s={search_term_string}\"},\"query-input\":\"required name=search_term_string\"}],\"inLanguage\":\"en-US\"}]}<\/script>\n<!-- \/ Yoast SEO plugin. -->","yoast_head_json":{"title":"Key activated dial gauge holder ALPA CD034","description":"Key activated dial gauge holder CD034 with \u00d8 12 mm vertical rod and \u00d8 10 mm horizontal rod, \u00d8 8 mm dial indicator holder and M8 magnetic base, with or without micrometer screw.","robots":{"index":"index","follow":"follow","max-snippet":"max-snippet:-1","max-image-preview":"max-image-preview:large","max-video-preview":"max-video-preview:-1"},"canonical":"https:\/\/www.alpametrology.com\/en\/analogue-dial-gauges\/key-activated-dial-gauge-holder-alpa-cd034\/","og_locale":"en_US","og_type":"article","og_title":"Key activated dial gauge holder ALPA CD034","og_description":"Key activated dial gauge holder CD034 with \u00d8 12 mm vertical rod and \u00d8 10 mm horizontal rod, \u00d8 8 mm dial indicator holder and M8 magnetic base, with or without micrometer screw.","og_url":"https:\/\/www.alpametrology.com\/en\/analogue-dial-gauges\/key-activated-dial-gauge-holder-alpa-cd034\/","og_site_name":"Alpa Metrology","article_modified_time":"2026-03-10T12:47:12+00:00","og_image":[{"width":1300,"height":1300,"url":"https:\/\/www.alpametrology.com\/wp-content\/uploads\/28ae0941-2791-4026-8897-e75d6db635e3.jpeg","type":"image\/jpeg"}],"twitter_card":"summary_large_image","schema":{"@context":"https:\/\/schema.org","@graph":[{"@type":"WebPage","@id":"https:\/\/www.alpametrology.com\/en\/analogue-dial-gauges\/key-activated-dial-gauge-holder-alpa-cd034\/","url":"https:\/\/www.alpametrology.com\/en\/analogue-dial-gauges\/key-activated-dial-gauge-holder-alpa-cd034\/","name":"Key activated dial gauge holder ALPA CD034","isPartOf":{"@id":"https:\/\/www.alpametrology.com\/en\/#website"},"datePublished":"2026-03-10T11:10:19+00:00","dateModified":"2026-03-10T12:47:12+00:00","description":"Key activated dial gauge holder CD034 with \u00d8 12 mm vertical rod and \u00d8 10 mm horizontal rod, \u00d8 8 mm dial indicator holder and M8 magnetic base, with or without micrometer screw.","breadcrumb":{"@id":"https:\/\/www.alpametrology.com\/en\/analogue-dial-gauges\/key-activated-dial-gauge-holder-alpa-cd034\/#breadcrumb"},"inLanguage":"en-US","potentialAction":[{"@type":"ReadAction","target":["https:\/\/www.alpametrology.com\/en\/analogue-dial-gauges\/key-activated-dial-gauge-holder-alpa-cd034\/"]}]},{"@type":"BreadcrumbList","@id":"https:\/\/www.alpametrology.com\/en\/analogue-dial-gauges\/key-activated-dial-gauge-holder-alpa-cd034\/#breadcrumb","itemListElement":[{"@type":"ListItem","position":1,"name":"Home","item":"https:\/\/www.alpametrology.com\/en\/home\/"},{"@type":"ListItem","position":2,"name":"Shop","item":"https:\/\/www.alpametrology.com\/en\/shop\/"},{"@type":"ListItem","position":3,"name":"Key activated dial gauge holder ALPA CD034"}]},{"@type":"WebSite","@id":"https:\/\/www.alpametrology.com\/en\/#website","url":"https:\/\/www.alpametrology.com\/en\/","name":"Alpa Metrology","description":"Tecnologia \u00e8 semplicit\u00e0","potentialAction":[{"@type":"SearchAction","target":{"@type":"EntryPoint","urlTemplate":"https:\/\/www.alpametrology.com\/en\/?s={search_term_string}"},"query-input":"required name=search_term_string"}],"inLanguage":"en-US"}]}},"_links":{"self":[{"href":"https:\/\/www.alpametrology.com\/en\/wp-json\/wp\/v2\/product\/47028"}],"collection":[{"href":"https:\/\/www.alpametrology.com\/en\/wp-json\/wp\/v2\/product"}],"about":[{"href":"https:\/\/www.alpametrology.com\/en\/wp-json\/wp\/v2\/types\/product"}],"wp:featuredmedia":[{"embeddable":true,"href":"https:\/\/www.alpametrology.com\/en\/wp-json\/wp\/v2\/media\/27968"}],"wp:attachment":[{"href":"https:\/\/www.alpametrology.com\/en\/wp-json\/wp\/v2\/media?parent=47028"}],"wp:term":[{"taxonomy":"product_cat","embeddable":true,"href":"https:\/\/www.alpametrology.com\/en\/wp-json\/wp\/v2\/product_cat?post=47028"},{"taxonomy":"product_tag","embeddable":true,"href":"https:\/\/www.alpametrology.com\/en\/wp-json\/wp\/v2\/product_tag?post=47028"}],"curies":[{"name":"wp","href":"https:\/\/api.w.org\/{rel}","templated":true}]}}